{"id":2699,"date":"2024-11-14T17:15:55","date_gmt":"2024-11-14T17:15:55","guid":{"rendered":"https:\/\/brightbeginningsprep.com\/inscripcion\/"},"modified":"2025-09-21T21:08:22","modified_gmt":"2025-09-21T21:08:22","slug":"inscripcion","status":"publish","type":"page","link":"https:\/\/brightbeginningsprep.com\/es\/inscripcion\/","title":{"rendered":"Inscripci\u00f3n"},"content":{"rendered":"\t\t<div data-elementor-type=\"wp-page\" data-elementor-id=\"2699\" class=\"elementor elementor-2699 elementor-418\" data-elementor-post-type=\"page\">\n\t\t\t\t<div class=\"elementor-element elementor-element-f28e7c6 e-flex e-con-boxed e-con e-parent\" data-id=\"f28e7c6\" data-element_type=\"container\" data-e-type=\"container\" data-settings=\"{&quot;background_background&quot;:&quot;classic&quot;}\">\n\t\t\t\t\t<div class=\"e-con-inner\">\n\t\t\t\t<div class=\"elementor-element elementor-element-a377a6f elementor-widget elementor-widget-heading\" data-id=\"a377a6f\" data-element_type=\"widget\" data-e-type=\"widget\" data-widget_type=\"heading.default\">\n\t\t\t\t<div class=\"elementor-widget-container\">\n\t\t\t\t\t<h1 class=\"elementor-heading-title elementor-size-default\">Inscripci\u00f3n\n<\/h1>\t\t\t\t<\/div>\n\t\t\t\t<\/div>\n\t\t\t\t\t<\/div>\n\t\t\t\t<\/div>\n\t\t<div class=\"elementor-element elementor-element-53c2242 e-flex e-con-boxed e-con e-parent\" data-id=\"53c2242\" data-element_type=\"container\" data-e-type=\"container\">\n\t\t\t\t\t<div class=\"e-con-inner\">\n\t\t<div class=\"elementor-element elementor-element-f7f21a8 e-con-full e-flex e-con e-child\" data-id=\"f7f21a8\" data-element_type=\"container\" data-e-type=\"container\">\n\t\t\t\t<div class=\"elementor-element elementor-element-d3fd48e elementor-widget elementor-widget-heading\" data-id=\"d3fd48e\" data-element_type=\"widget\" data-e-type=\"widget\" data-widget_type=\"heading.default\">\n\t\t\t\t<div class=\"elementor-widget-container\">\n\t\t\t\t\t<h2 class=\"elementor-heading-title elementor-size-default\">Estudiantes nuevos\n<\/h2>\t\t\t\t<\/div>\n\t\t\t\t<\/div>\n\t\t\t\t<div class=\"elementor-element elementor-element-3a2d623 elementor-widget elementor-widget-text-editor\" data-id=\"3a2d623\" data-element_type=\"widget\" data-e-type=\"widget\" data-widget_type=\"text-editor.default\">\n\t\t\t\t<div class=\"elementor-widget-container\">\n\t\t\t\t\t\t\t\t\t<p>\u00a1Bienvenido\/a! Animamos a los padres interesados en nuestro centro a programar una visita privada a nuestras instalaciones. Para concertar una visita privada, llama y pregunta por nuestra directora del centro, Margelys Morej\u00f3n, al (561) 629-8005. Si ya has visitado nuestras instalaciones y est\u00e1s listo para imprimir y rellenar nuestro formulario de inscripci\u00f3n:&nbsp;&nbsp;<\/p>\n<p><a href=\"http:\/\/brightbeginningsprep.com\/wp-content\/uploads\/2025\/01\/Bright-Beginnings-Enrollment-and-Parent-Agreement-Form.pdf\"><img decoding=\"async\" class=\"alignnone wp-image-2092\" src=\"http:\/\/brightbeginningsprep.com\/wp-content\/uploads\/2025\/01\/free-pdf-file-icon-3382-thumb-300x300.png\" alt=\"\" width=\"88\" height=\"88\" srcset=\"https:\/\/brightbeginningsprep.com\/wp-content\/uploads\/2025\/01\/free-pdf-file-icon-3382-thumb-300x300.png 300w, https:\/\/brightbeginningsprep.com\/wp-content\/uploads\/2025\/01\/free-pdf-file-icon-3382-thumb-150x150.png 150w, https:\/\/brightbeginningsprep.com\/wp-content\/uploads\/2025\/01\/free-pdf-file-icon-3382-thumb.png 512w\" sizes=\"(max-width: 88px) 100vw, 88px\" \/><\/a><a href=\"http:\/\/brightbeginningsprep.com\/wp-content\/uploads\/2025\/01\/Bright-Beginnings-Enrollment-and-Parent-Agreement-Form.pdf\">Formulario de inscripci\u00f3n y acuerdo de los padres de Bright Beginnings<\/a><\/p>\t\t\t\t\t\t\t\t<\/div>\n\t\t\t\t<\/div>\n\t\t\t\t<div class=\"elementor-element elementor-element-fbcde52 elementor-widget elementor-widget-heading\" data-id=\"fbcde52\" data-element_type=\"widget\" data-e-type=\"widget\" data-widget_type=\"heading.default\">\n\t\t\t\t<div class=\"elementor-widget-container\">\n\t\t\t\t\t<h2 class=\"elementor-heading-title elementor-size-default\">Inscripci\u00f3n en After Care\n<\/h2>\t\t\t\t<\/div>\n\t\t\t\t<\/div>\n\t\t\t\t<div class=\"elementor-element elementor-element-afaa83b elementor-widget elementor-widget-text-editor\" data-id=\"afaa83b\" data-element_type=\"widget\" data-e-type=\"widget\" data-widget_type=\"text-editor.default\">\n\t\t\t\t<div class=\"elementor-widget-container\">\n\t\t\t\t\t\t\t\t\t<p>Hay servicio de guarder\u00eda para ni\u00f1os de 5 a 12 a\u00f1os. Ofrecemos servicio de recogida en todos los colegios de la zona. Para obtener un folleto sobre nuestro programa de cuidados posteriores, haz clic aqu\u00ed. Para inscribirte, llama a nuestro centro al 561.629.8005<\/p>\t\t\t\t\t\t\t\t<\/div>\n\t\t\t\t<\/div>\n\t\t\t\t<\/div>\n\t\t<div class=\"elementor-element elementor-element-7ccb387 e-con-full e-flex e-con e-child\" data-id=\"7ccb387\" data-element_type=\"container\" data-e-type=\"container\">\n\t\t\t\t<div class=\"elementor-element elementor-element-d4ac4da elementor-widget elementor-widget-video\" data-id=\"d4ac4da\" data-element_type=\"widget\" data-e-type=\"widget\" data-settings=\"{&quot;youtube_url&quot;:&quot;https:\\\/\\\/youtu.be\\\/MIba5FKxmJ4?si=85TvFLtBT8u_nMp6&quot;,&quot;video_type&quot;:&quot;youtube&quot;,&quot;controls&quot;:&quot;yes&quot;}\" data-widget_type=\"video.default\">\n\t\t\t\t<div class=\"elementor-widget-container\">\n\t\t\t\t\t\t\t<div class=\"elementor-wrapper elementor-open-inline\">\n\t\t\t<div class=\"elementor-video\"><\/div>\t\t<\/div>\n\t\t\t\t\t\t<\/div>\n\t\t\t\t<\/div>\n\t\t\t\t<\/div>\n\t\t\t\t\t<\/div>\n\t\t\t\t<\/div>\n\t\t<div class=\"elementor-element elementor-element-7cc7b4c e-flex e-con-boxed e-con e-parent\" data-id=\"7cc7b4c\" data-element_type=\"container\" data-e-type=\"container\" data-settings=\"{&quot;background_background&quot;:&quot;classic&quot;}\">\n\t\t\t\t\t<div class=\"e-con-inner\">\n\t\t<div class=\"elementor-element elementor-element-dbce050 e-con-full e-flex e-con e-child\" data-id=\"dbce050\" data-element_type=\"container\" data-e-type=\"container\">\n\t\t\t\t<div class=\"elementor-element elementor-element-a4214c0 elementor-widget elementor-widget-heading\" data-id=\"a4214c0\" data-element_type=\"widget\" data-e-type=\"widget\" data-widget_type=\"heading.default\">\n\t\t\t\t<div class=\"elementor-widget-container\">\n\t\t\t\t\t<h2 class=\"elementor-heading-title elementor-size-default\">Inscripci\u00f3n en el campamento<\/h2>\t\t\t\t<\/div>\n\t\t\t\t<\/div>\n\t\t\t\t<div class=\"elementor-element elementor-element-5c71c85 elementor-widget elementor-widget-text-editor\" data-id=\"5c71c85\" data-element_type=\"widget\" data-e-type=\"widget\" data-widget_type=\"text-editor.default\">\n\t\t\t\t<div class=\"elementor-widget-container\">\n\t\t\t\t\t\t\t\t\t<p>Todos los a\u00f1os ofrecemos campamentos de Vacaciones de Invierno, Vacaciones de Primavera y Vacaciones de Verano. Proporcionamos una experiencia de campamento aqu\u00ed en Greenacres, Florida, que es educativa, divertida \u00a1Y emocionante! Nuestro en\u00e9rgico y enriquecedor personal de campamento est\u00e1 formado principalmente por profesores de Bright Beginnings con experiencia en el campo de la educaci\u00f3n, que proporcionan el equilibrio justo entre aprendizaje y diversi\u00f3n. Nuestra misi\u00f3n es crear un entorno centrado en los ni\u00f1os, donde se sientan seguros para participar, descubrir y crecer. Bright Beginnings Prep ofrece un campamento de verano tem\u00e1tico en el que los ni\u00f1os de 2 a 12 a\u00f1os pueden explorar un tema nuevo cada semana. El arte, la m\u00fasica, la danza, la ciencia, la literatura y el atletismo se integran en estos temas semanales. Los ni\u00f1os pueden asistir el n\u00famero de semanas que elijas. \u00a1Descuentos disponibles para la inscripci\u00f3n en campamentos de verano de varias semanas y para hermanos! <br>&#8211; Campamento de Vacaciones de Primavera 2020: Edades 5-12 a\u00f1os &#8211; Inscripci\u00f3n BB Campamento de Vacaciones de Primavera 2020 PR\u00d3XIMAMENTE <br>&#8211; Campamento de Aventura de Verano 2020: De 5 a 12 a\u00f1os &#8211; BB Inscripci\u00f3n para el Campamento de Verano 2020 PR\u00d3XIMAMENTE<\/p>\t\t\t\t\t\t\t\t<\/div>\n\t\t\t\t<\/div>\n\t\t\t\t<\/div>\n\t\t<div class=\"elementor-element elementor-element-3f36716 e-con-full e-flex e-con e-child\" data-id=\"3f36716\" data-element_type=\"container\" data-e-type=\"container\">\n\t\t\t\t<div class=\"elementor-element elementor-element-ceb7a15 elementor-widget elementor-widget-image\" data-id=\"ceb7a15\" data-element_type=\"widget\" data-e-type=\"widget\" data-widget_type=\"image.default\">\n\t\t\t\t<div class=\"elementor-widget-container\">\n\t\t\t\t\t\t\t\t\t\t\t\t\t\t\t<img fetchpriority=\"high\" decoding=\"async\" width=\"800\" height=\"598\" src=\"https:\/\/brightbeginningsprep.com\/wp-content\/uploads\/2024\/11\/images5.jpg\" class=\"attachment-full size-full wp-image-2637\" alt=\"\" srcset=\"https:\/\/brightbeginningsprep.com\/wp-content\/uploads\/2024\/11\/images5.jpg 800w, https:\/\/brightbeginningsprep.com\/wp-content\/uploads\/2024\/11\/images5-300x224.jpg 300w, https:\/\/brightbeginningsprep.com\/wp-content\/uploads\/2024\/11\/images5-768x574.jpg 768w\" sizes=\"(max-width: 800px) 100vw, 800px\" style=\"width:100%;height:74.75%;max-width:800px\" \/>\t\t\t\t\t\t\t\t\t\t\t\t\t\t\t<\/div>\n\t\t\t\t<\/div>\n\t\t\t\t<\/div>\n\t\t\t\t\t<\/div>\n\t\t\t\t<\/div>\n\t\t<div class=\"elementor-element elementor-element-7a97475 pay_online e-flex e-con-boxed e-con e-parent\" data-id=\"7a97475\" data-element_type=\"container\" data-e-type=\"container\">\n\t\t\t\t\t<div class=\"e-con-inner\">\n\t\t<div class=\"elementor-element elementor-element-555e5aa e-con-full e-flex e-con e-child\" data-id=\"555e5aa\" data-element_type=\"container\" data-e-type=\"container\">\n\t\t\t\t<div class=\"elementor-element elementor-element-36d39a3 elementor-widget elementor-widget-heading\" data-id=\"36d39a3\" data-element_type=\"widget\" data-e-type=\"widget\" data-widget_type=\"heading.default\">\n\t\t\t\t<div class=\"elementor-widget-container\">\n\t\t\t\t\t<h2 class=\"elementor-heading-title elementor-size-default\">Pagar la matr\u00edcula en l\u00ednea\n<\/h2>\t\t\t\t<\/div>\n\t\t\t\t<\/div>\n\t\t\t\t<div class=\"elementor-element elementor-element-1a0e24f elementor-widget elementor-widget-text-editor\" data-id=\"1a0e24f\" data-element_type=\"widget\" data-e-type=\"widget\" data-widget_type=\"text-editor.default\">\n\t\t\t\t<div class=\"elementor-widget-container\">\n\t\t\t\t\t\t\t\t\t<p>Tuition Express es la forma m\u00e1s eficaz y segura de procesar los pagos de guarder\u00edas online, por TPV, recurrentes con tarjeta de cr\u00e9dito y ACH.  <br><br>Los padres pagan la guarder\u00eda y los proveedores reciben los ingresos a tiempo, siempre. Haz clic aqu\u00ed para pagar tu matr\u00edcula en l\u00ednea.<\/p>\t\t\t\t\t\t\t\t<\/div>\n\t\t\t\t<\/div>\n\t\t\t\t<\/div>\n\t\t<div class=\"elementor-element elementor-element-db43fb6 e-con-full e-flex e-con e-child\" data-id=\"db43fb6\" data-element_type=\"container\" data-e-type=\"container\" data-settings=\"{&quot;background_background&quot;:&quot;classic&quot;}\">\n\t\t\t\t<div class=\"elementor-element elementor-element-0966b9a elementor-widget elementor-widget-image\" data-id=\"0966b9a\" data-element_type=\"widget\" data-e-type=\"widget\" data-widget_type=\"image.default\">\n\t\t\t\t<div class=\"elementor-widget-container\">\n\t\t\t\t\t\t\t\t\t\t\t\t\t\t\t\t<a href=\"https:\/\/tuitionexpress.com\/\" target=\"_blank\">\n\t\t\t\t\t\t\t<img decoding=\"async\" width=\"132\" height=\"104\" src=\"https:\/\/brightbeginningsprep.com\/wp-content\/uploads\/2024\/11\/tuition-express-logo.png\" class=\"attachment-full size-full wp-image-2654\" alt=\"\" style=\"width:100%;height:78.79%;max-width:132px\" \/>\t\t\t\t\t\t\t\t<\/a>\n\t\t\t\t\t\t\t\t\t\t\t\t\t\t\t<\/div>\n\t\t\t\t<\/div>\n\t\t\t\t<\/div>\n\t\t\t\t\t<\/div>\n\t\t\t\t<\/div>\n\t\t\t\t<\/div>\n\t\t","protected":false},"excerpt":{"rendered":"<p>Inscripci\u00f3n Estudiantes nuevos \u00a1Bienvenido\/a! Animamos a los padres interesados en nuestro centro a programar una visita privada a nuestras instalaciones. Para concertar una visita privada, llama y pregunta por nuestra directora del centro, Margelys Morej\u00f3n, al (561) 629-8005. Si ya has visitado nuestras instalaciones y est\u00e1s listo para imprimir y rellenar nuestro formulario de inscripci\u00f3n:&hellip; <a class=\"more-link\" href=\"https:\/\/brightbeginningsprep.com\/es\/inscripcion\/\">Seguir leyendo <span class=\"screen-reader-text\">Inscripci\u00f3n<\/span><\/a><\/p>\n","protected":false},"author":2,"featured_media":0,"parent":0,"menu_order":0,"comment_status":"closed","ping_status":"closed","template":"elementor_header_footer","meta":{"_monsterinsights_skip_tracking":false,"_monsterinsights_sitenote_active":false,"_monsterinsights_sitenote_note":"","_monsterinsights_sitenote_category":0,"footnotes":""},"class_list":["post-2699","page","type-page","status-publish","hentry","entry"],"yoast_head":"<!-- This site is optimized with the Yoast SEO plugin v25.3.1 - https:\/\/yoast.com\/wordpress\/plugins\/seo\/ -->\n<title>Inscripci\u00f3n Guarder\u00eda &amp; Campamentos | Bright Beginnings Prep<\/title>\n<meta name=\"description\" content=\"Registra a tu hijo en guarder\u00eda o campamentos y paga la matr\u00edcula en l\u00ednea f\u00e1cilmente en Bright Beginnings Prep en Greenacres, FL.\" \/>\n<meta name=\"robots\" content=\"index, follow, max-snippet:-1, max-image-preview:large, max-video-preview:-1\" \/>\n<link rel=\"canonical\" href=\"https:\/\/brightbeginningsprep.com\/es\/inscripcion\/\" \/>\n<meta property=\"og:locale\" content=\"es_ES\" \/>\n<meta property=\"og:type\" content=\"article\" \/>\n<meta property=\"og:title\" content=\"Inscripci\u00f3n Guarder\u00eda &amp; Campamentos | Bright Beginnings Prep\" \/>\n<meta property=\"og:description\" content=\"Registra a tu hijo en guarder\u00eda o campamentos y paga la matr\u00edcula en l\u00ednea f\u00e1cilmente en Bright Beginnings Prep en Greenacres, FL.\" \/>\n<meta property=\"og:url\" content=\"https:\/\/brightbeginningsprep.com\/es\/inscripcion\/\" \/>\n<meta property=\"og:site_name\" content=\"Academia de Preparaci\u00f3n Bright Beginnings\" \/>\n<meta property=\"article:publisher\" content=\"https:\/\/www.facebook.com\/BrightBeginningsPrep\" \/>\n<meta property=\"article:modified_time\" content=\"2025-09-21T21:08:22+00:00\" \/>\n<meta property=\"og:image\" content=\"http:\/\/brightbeginningsprep.com\/wp-content\/uploads\/2025\/01\/free-pdf-file-icon-3382-thumb-300x300.png\" \/>\n<meta name=\"twitter:card\" content=\"summary_large_image\" \/>\n<meta name=\"twitter:site\" content=\"@brightprep\" \/>\n<meta name=\"twitter:label1\" content=\"Tiempo de lectura\" \/>\n\t<meta name=\"twitter:data1\" content=\"3 minutos\" \/>\n<script type=\"application\/ld+json\" class=\"yoast-schema-graph\">{\"@context\":\"https:\/\/schema.org\",\"@graph\":[{\"@type\":\"WebPage\",\"@id\":\"https:\/\/brightbeginningsprep.com\/es\/inscripcion\/\",\"url\":\"https:\/\/brightbeginningsprep.com\/es\/inscripcion\/\",\"name\":\"Inscripci\u00f3n Guarder\u00eda & Campamentos | Bright Beginnings Prep\",\"isPartOf\":{\"@id\":\"https:\/\/brightbeginningsprep.com\/es\/#website\"},\"primaryImageOfPage\":{\"@id\":\"https:\/\/brightbeginningsprep.com\/es\/inscripcion\/#primaryimage\"},\"image\":{\"@id\":\"https:\/\/brightbeginningsprep.com\/es\/inscripcion\/#primaryimage\"},\"thumbnailUrl\":\"http:\/\/brightbeginningsprep.com\/wp-content\/uploads\/2025\/01\/free-pdf-file-icon-3382-thumb-300x300.png\",\"datePublished\":\"2024-11-14T17:15:55+00:00\",\"dateModified\":\"2025-09-21T21:08:22+00:00\",\"description\":\"Registra a tu hijo en guarder\u00eda o campamentos y paga la matr\u00edcula en l\u00ednea f\u00e1cilmente en Bright Beginnings Prep en Greenacres, FL.\",\"breadcrumb\":{\"@id\":\"https:\/\/brightbeginningsprep.com\/es\/inscripcion\/#breadcrumb\"},\"inLanguage\":\"es\",\"potentialAction\":[{\"@type\":\"ReadAction\",\"target\":[\"https:\/\/brightbeginningsprep.com\/es\/inscripcion\/\"]}]},{\"@type\":\"ImageObject\",\"inLanguage\":\"es\",\"@id\":\"https:\/\/brightbeginningsprep.com\/es\/inscripcion\/#primaryimage\",\"url\":\"http:\/\/brightbeginningsprep.com\/wp-content\/uploads\/2025\/01\/free-pdf-file-icon-3382-thumb-300x300.png\",\"contentUrl\":\"http:\/\/brightbeginningsprep.com\/wp-content\/uploads\/2025\/01\/free-pdf-file-icon-3382-thumb-300x300.png\"},{\"@type\":\"BreadcrumbList\",\"@id\":\"https:\/\/brightbeginningsprep.com\/es\/inscripcion\/#breadcrumb\",\"itemListElement\":[{\"@type\":\"ListItem\",\"position\":1,\"name\":\"Inicio\",\"item\":\"https:\/\/brightbeginningsprep.com\/es\/guarderia-en-greenacres-fl\/\"},{\"@type\":\"ListItem\",\"position\":2,\"name\":\"Inscripci\u00f3n\"}]},{\"@type\":\"WebSite\",\"@id\":\"https:\/\/brightbeginningsprep.com\/es\/#website\",\"url\":\"https:\/\/brightbeginningsprep.com\/es\/\",\"name\":\"Bright Beginnings Prep Academy\",\"description\":\"Guarder\u00eda y Preescolar en Greenacres FL\",\"publisher\":{\"@id\":\"https:\/\/brightbeginningsprep.com\/es\/#organization\"},\"potentialAction\":[{\"@type\":\"SearchAction\",\"target\":{\"@type\":\"EntryPoint\",\"urlTemplate\":\"https:\/\/brightbeginningsprep.com\/es\/?s={search_term_string}\"},\"query-input\":{\"@type\":\"PropertyValueSpecification\",\"valueRequired\":true,\"valueName\":\"search_term_string\"}}],\"inLanguage\":\"es\"},{\"@type\":\"Organization\",\"@id\":\"https:\/\/brightbeginningsprep.com\/es\/#organization\",\"name\":\"Academia de Preparaci\u00f3n Bright Beginnings\",\"url\":\"https:\/\/brightbeginningsprep.com\/es\/\",\"logo\":{\"@type\":\"ImageObject\",\"inLanguage\":\"es\",\"@id\":\"https:\/\/brightbeginningsprep.com\/es\/#\/schema\/logo\/image\/\",\"url\":\"https:\/\/brightbeginningsprep.com\/wp-content\/uploads\/2024\/11\/logo.png\",\"contentUrl\":\"https:\/\/brightbeginningsprep.com\/wp-content\/uploads\/2024\/11\/logo.png\",\"width\":237,\"height\":171,\"caption\":\"Academia de Preparaci\u00f3n Bright Beginnings\"},\"image\":{\"@id\":\"https:\/\/brightbeginningsprep.com\/es\/#\/schema\/logo\/image\/\"},\"sameAs\":[\"https:\/\/www.facebook.com\/BrightBeginningsPrep\",\"https:\/\/x.com\/brightprep\"]}]}<\/script>\n<!-- \/ Yoast SEO plugin. -->","yoast_head_json":{"title":"Inscripci\u00f3n Guarder\u00eda & Campamentos | Bright Beginnings Prep","description":"Registra a tu hijo en guarder\u00eda o campamentos y paga la matr\u00edcula en l\u00ednea f\u00e1cilmente en Bright Beginnings Prep en Greenacres, FL.","robots":{"index":"index","follow":"follow","max-snippet":"max-snippet:-1","max-image-preview":"max-image-preview:large","max-video-preview":"max-video-preview:-1"},"canonical":"https:\/\/brightbeginningsprep.com\/es\/inscripcion\/","og_locale":"es_ES","og_type":"article","og_title":"Inscripci\u00f3n Guarder\u00eda & Campamentos | Bright Beginnings Prep","og_description":"Registra a tu hijo en guarder\u00eda o campamentos y paga la matr\u00edcula en l\u00ednea f\u00e1cilmente en Bright Beginnings Prep en Greenacres, FL.","og_url":"https:\/\/brightbeginningsprep.com\/es\/inscripcion\/","og_site_name":"Academia de Preparaci\u00f3n Bright Beginnings","article_publisher":"https:\/\/www.facebook.com\/BrightBeginningsPrep","article_modified_time":"2025-09-21T21:08:22+00:00","og_image":[{"url":"http:\/\/brightbeginningsprep.com\/wp-content\/uploads\/2025\/01\/free-pdf-file-icon-3382-thumb-300x300.png","type":"","width":"","height":""}],"twitter_card":"summary_large_image","twitter_site":"@brightprep","twitter_misc":{"Tiempo de lectura":"3 minutos"},"schema":{"@context":"https:\/\/schema.org","@graph":[{"@type":"WebPage","@id":"https:\/\/brightbeginningsprep.com\/es\/inscripcion\/","url":"https:\/\/brightbeginningsprep.com\/es\/inscripcion\/","name":"Inscripci\u00f3n Guarder\u00eda & Campamentos | Bright Beginnings Prep","isPartOf":{"@id":"https:\/\/brightbeginningsprep.com\/es\/#website"},"primaryImageOfPage":{"@id":"https:\/\/brightbeginningsprep.com\/es\/inscripcion\/#primaryimage"},"image":{"@id":"https:\/\/brightbeginningsprep.com\/es\/inscripcion\/#primaryimage"},"thumbnailUrl":"http:\/\/brightbeginningsprep.com\/wp-content\/uploads\/2025\/01\/free-pdf-file-icon-3382-thumb-300x300.png","datePublished":"2024-11-14T17:15:55+00:00","dateModified":"2025-09-21T21:08:22+00:00","description":"Registra a tu hijo en guarder\u00eda o campamentos y paga la matr\u00edcula en l\u00ednea f\u00e1cilmente en Bright Beginnings Prep en Greenacres, FL.","breadcrumb":{"@id":"https:\/\/brightbeginningsprep.com\/es\/inscripcion\/#breadcrumb"},"inLanguage":"es","potentialAction":[{"@type":"ReadAction","target":["https:\/\/brightbeginningsprep.com\/es\/inscripcion\/"]}]},{"@type":"ImageObject","inLanguage":"es","@id":"https:\/\/brightbeginningsprep.com\/es\/inscripcion\/#primaryimage","url":"http:\/\/brightbeginningsprep.com\/wp-content\/uploads\/2025\/01\/free-pdf-file-icon-3382-thumb-300x300.png","contentUrl":"http:\/\/brightbeginningsprep.com\/wp-content\/uploads\/2025\/01\/free-pdf-file-icon-3382-thumb-300x300.png"},{"@type":"BreadcrumbList","@id":"https:\/\/brightbeginningsprep.com\/es\/inscripcion\/#breadcrumb","itemListElement":[{"@type":"ListItem","position":1,"name":"Inicio","item":"https:\/\/brightbeginningsprep.com\/es\/guarderia-en-greenacres-fl\/"},{"@type":"ListItem","position":2,"name":"Inscripci\u00f3n"}]},{"@type":"WebSite","@id":"https:\/\/brightbeginningsprep.com\/es\/#website","url":"https:\/\/brightbeginningsprep.com\/es\/","name":"Bright Beginnings Prep Academy","description":"Guarder\u00eda y Preescolar en Greenacres FL","publisher":{"@id":"https:\/\/brightbeginningsprep.com\/es\/#organization"},"potentialAction":[{"@type":"SearchAction","target":{"@type":"EntryPoint","urlTemplate":"https:\/\/brightbeginningsprep.com\/es\/?s={search_term_string}"},"query-input":{"@type":"PropertyValueSpecification","valueRequired":true,"valueName":"search_term_string"}}],"inLanguage":"es"},{"@type":"Organization","@id":"https:\/\/brightbeginningsprep.com\/es\/#organization","name":"Academia de Preparaci\u00f3n Bright Beginnings","url":"https:\/\/brightbeginningsprep.com\/es\/","logo":{"@type":"ImageObject","inLanguage":"es","@id":"https:\/\/brightbeginningsprep.com\/es\/#\/schema\/logo\/image\/","url":"https:\/\/brightbeginningsprep.com\/wp-content\/uploads\/2024\/11\/logo.png","contentUrl":"https:\/\/brightbeginningsprep.com\/wp-content\/uploads\/2024\/11\/logo.png","width":237,"height":171,"caption":"Academia de Preparaci\u00f3n Bright Beginnings"},"image":{"@id":"https:\/\/brightbeginningsprep.com\/es\/#\/schema\/logo\/image\/"},"sameAs":["https:\/\/www.facebook.com\/BrightBeginningsPrep","https:\/\/x.com\/brightprep"]}]}},"_links":{"self":[{"href":"https:\/\/brightbeginningsprep.com\/es\/wp-json\/wp\/v2\/pages\/2699","targetHints":{"allow":["GET"]}}],"collection":[{"href":"https:\/\/brightbeginningsprep.com\/es\/wp-json\/wp\/v2\/pages"}],"about":[{"href":"https:\/\/brightbeginningsprep.com\/es\/wp-json\/wp\/v2\/types\/page"}],"author":[{"embeddable":true,"href":"https:\/\/brightbeginningsprep.com\/es\/wp-json\/wp\/v2\/users\/2"}],"replies":[{"embeddable":true,"href":"https:\/\/brightbeginningsprep.com\/es\/wp-json\/wp\/v2\/comments?post=2699"}],"version-history":[{"count":2,"href":"https:\/\/brightbeginningsprep.com\/es\/wp-json\/wp\/v2\/pages\/2699\/revisions"}],"predecessor-version":[{"id":2749,"href":"https:\/\/brightbeginningsprep.com\/es\/wp-json\/wp\/v2\/pages\/2699\/revisions\/2749"}],"wp:attachment":[{"href":"https:\/\/brightbeginningsprep.com\/es\/wp-json\/wp\/v2\/media?parent=2699"}],"curies":[{"name":"wp","href":"https:\/\/api.w.org\/{rel}","templated":true}]}}