{"id":2717,"date":"2024-11-03T15:25:10","date_gmt":"2024-11-03T15:25:10","guid":{"rendered":"https:\/\/brightbeginningsprep.com\/contacta-con-nosotros\/"},"modified":"2025-09-21T21:32:55","modified_gmt":"2025-09-21T21:32:55","slug":"contacta-con-nosotros","status":"publish","type":"page","link":"https:\/\/brightbeginningsprep.com\/es\/contacta-con-nosotros\/","title":{"rendered":"Contacta con nosotros"},"content":{"rendered":"\t\t<div data-elementor-type=\"wp-page\" data-elementor-id=\"2717\" class=\"elementor elementor-2717 elementor-35\" data-elementor-post-type=\"page\">\n\t\t\t\t<div class=\"elementor-element elementor-element-a14f9e3 e-flex e-con-boxed e-con e-parent\" data-id=\"a14f9e3\" data-element_type=\"container\" data-e-type=\"container\" data-settings=\"{&quot;background_background&quot;:&quot;classic&quot;}\">\n\t\t\t\t\t<div class=\"e-con-inner\">\n\t\t\t\t<div class=\"elementor-element elementor-element-c954a35 elementor-widget elementor-widget-heading\" data-id=\"c954a35\" data-element_type=\"widget\" data-e-type=\"widget\" data-widget_type=\"heading.default\">\n\t\t\t\t<div class=\"elementor-widget-container\">\n\t\t\t\t\t<h1 class=\"elementor-heading-title elementor-size-default\">Contacta con nosotros\/Reserva una visita<\/h1>\t\t\t\t<\/div>\n\t\t\t\t<\/div>\n\t\t\t\t\t<\/div>\n\t\t\t\t<\/div>\n\t\t<div class=\"elementor-element elementor-element-1471ef1 e-flex e-con-boxed e-con e-parent\" data-id=\"1471ef1\" data-element_type=\"container\" data-e-type=\"container\" data-settings=\"{&quot;background_background&quot;:&quot;classic&quot;}\">\n\t\t\t\t\t<div class=\"e-con-inner\">\n\t\t<div class=\"elementor-element elementor-element-3b22f2e e-con-full e-flex e-con e-child\" data-id=\"3b22f2e\" data-element_type=\"container\" data-e-type=\"container\">\n\t\t\t\t<div class=\"elementor-element elementor-element-2f5e822 elementor-widget elementor-widget-heading\" data-id=\"2f5e822\" data-element_type=\"widget\" data-e-type=\"widget\" data-widget_type=\"heading.default\">\n\t\t\t\t<div class=\"elementor-widget-container\">\n\t\t\t\t\t<h2 class=\"elementor-heading-title elementor-size-default\">Ponte en contacto con la Academia de Preparaci\u00f3n Bright Beginnings<\/h2>\t\t\t\t<\/div>\n\t\t\t\t<\/div>\n\t\t\t\t<div class=\"elementor-element elementor-element-16bb51f elementor-widget elementor-widget-image\" data-id=\"16bb51f\" data-element_type=\"widget\" data-e-type=\"widget\" data-widget_type=\"image.default\">\n\t\t\t\t<div class=\"elementor-widget-container\">\n\t\t\t\t\t\t\t\t\t\t\t\t\t\t\t<img fetchpriority=\"high\" decoding=\"async\" width=\"1360\" height=\"1016\" src=\"https:\/\/brightbeginningsprep.com\/wp-content\/uploads\/2024\/11\/2020-10-17.jpg\" class=\"attachment-full size-full wp-image-2633\" alt=\"\" srcset=\"https:\/\/brightbeginningsprep.com\/wp-content\/uploads\/2024\/11\/2020-10-17.jpg 1360w, https:\/\/brightbeginningsprep.com\/wp-content\/uploads\/2024\/11\/2020-10-17-300x224.jpg 300w, https:\/\/brightbeginningsprep.com\/wp-content\/uploads\/2024\/11\/2020-10-17-1024x765.jpg 1024w, https:\/\/brightbeginningsprep.com\/wp-content\/uploads\/2024\/11\/2020-10-17-768x574.jpg 768w\" sizes=\"(max-width: 1360px) 100vw, 1360px\" style=\"width:100%;height:74.71%;max-width:1360px\" \/>\t\t\t\t\t\t\t\t\t\t\t\t\t\t\t<\/div>\n\t\t\t\t<\/div>\n\t\t\t\t<div class=\"elementor-element elementor-element-9f70ff8 elementor-widget elementor-widget-text-editor\" data-id=\"9f70ff8\" data-element_type=\"widget\" data-e-type=\"widget\" data-widget_type=\"text-editor.default\">\n\t\t\t\t<div class=\"elementor-widget-container\">\n\t\t\t\t\t\t\t\t\t<p>Ponte en contacto con Bright Beginnings Prep Academy en Greenacres, FL, para obtener m\u00e1s informaci\u00f3n sobre nuestros programas de guarder\u00eda, preescolar y VPK. Nuestro equipo est\u00e1 aqu\u00ed para responder a tus preguntas y ayudarte a reservar una visita privada a nuestras instalaciones. <\/p>\t\t\t\t\t\t\t\t<\/div>\n\t\t\t\t<\/div>\n\t\t\t\t<div class=\"elementor-element elementor-element-e7f08d0 elementor-icon-list--layout-traditional elementor-list-item-link-full_width elementor-widget elementor-widget-icon-list\" data-id=\"e7f08d0\" data-element_type=\"widget\" data-e-type=\"widget\" data-widget_type=\"icon-list.default\">\n\t\t\t\t<div class=\"elementor-widget-container\">\n\t\t\t\t\t\t\t<ul class=\"elementor-icon-list-items\">\n\t\t\t\t\t\t\t<li class=\"elementor-icon-list-item\">\n\t\t\t\t\t\t\t\t\t\t\t<a href=\"tel:561%20629%208005\">\n\n\t\t\t\t\t\t\t\t\t\t\t\t<span class=\"elementor-icon-list-icon\">\n\t\t\t\t\t\t\t<svg aria-hidden=\"true\" class=\"e-font-icon-svg e-fas-phone-alt\" viewBox=\"0 0 512 512\" xmlns=\"http:\/\/www.w3.org\/2000\/svg\"><path d=\"M497.39 361.8l-112-48a24 24 0 0 0-28 6.9l-49.6 60.6A370.66 370.66 0 0 1 130.6 204.11l60.6-49.6a23.94 23.94 0 0 0 6.9-28l-48-112A24.16 24.16 0 0 0 122.6.61l-104 24A24 24 0 0 0 0 48c0 256.5 207.9 464 464 464a24 24 0 0 0 23.4-18.6l24-104a24.29 24.29 0 0 0-14.01-27.6z\"><\/path><\/svg>\t\t\t\t\t\t<\/span>\n\t\t\t\t\t\t\t\t\t\t<span class=\"elementor-icon-list-text\">(561) 629-8005<\/span>\n\t\t\t\t\t\t\t\t\t\t\t<\/a>\n\t\t\t\t\t\t\t\t\t<\/li>\n\t\t\t\t\t\t\t\t<li class=\"elementor-icon-list-item\">\n\t\t\t\t\t\t\t\t\t\t\t<span class=\"elementor-icon-list-icon\">\n\t\t\t\t\t\t\t<svg aria-hidden=\"true\" class=\"e-font-icon-svg e-far-clock\" viewBox=\"0 0 512 512\" xmlns=\"http:\/\/www.w3.org\/2000\/svg\"><path d=\"M256 8C119 8 8 119 8 256s111 248 248 248 248-111 248-248S393 8 256 8zm0 448c-110.5 0-200-89.5-200-200S145.5 56 256 56s200 89.5 200 200-89.5 200-200 200zm61.8-104.4l-84.9-61.7c-3.1-2.3-4.9-5.9-4.9-9.7V116c0-6.6 5.4-12 12-12h32c6.6 0 12 5.4 12 12v141.7l66.8 48.6c5.4 3.9 6.5 11.4 2.6 16.8L334.6 349c-3.9 5.3-11.4 6.5-16.8 2.6z\"><\/path><\/svg>\t\t\t\t\t\t<\/span>\n\t\t\t\t\t\t\t\t\t\t<span class=\"elementor-icon-list-text\">De 6:30 a 18:00 de lunes a viernes<\/span>\n\t\t\t\t\t\t\t\t\t<\/li>\n\t\t\t\t\t\t\t\t<li class=\"elementor-icon-list-item\">\n\t\t\t\t\t\t\t\t\t\t\t<a href=\"https:\/\/maps.app.goo.gl\/CaricPC7t4abis11A\">\n\n\t\t\t\t\t\t\t\t\t\t\t\t<span class=\"elementor-icon-list-icon\">\n\t\t\t\t\t\t\t<svg aria-hidden=\"true\" class=\"e-font-icon-svg e-fas-map-marker-alt\" viewBox=\"0 0 384 512\" xmlns=\"http:\/\/www.w3.org\/2000\/svg\"><path d=\"M172.268 501.67C26.97 291.031 0 269.413 0 192 0 85.961 85.961 0 192 0s192 85.961 192 192c0 77.413-26.97 99.031-172.268 309.67-9.535 13.774-29.93 13.773-39.464 0zM192 272c44.183 0 80-35.817 80-80s-35.817-80-80-80-80 35.817-80 80 35.817 80 80 80z\"><\/path><\/svg>\t\t\t\t\t\t<\/span>\n\t\t\t\t\t\t\t\t\t\t<span class=\"elementor-icon-list-text\">3456 S. Jog Rd. Greenacres, FL 33467 <\/span>\n\t\t\t\t\t\t\t\t\t\t\t<\/a>\n\t\t\t\t\t\t\t\t\t<\/li>\n\t\t\t\t\t\t<\/ul>\n\t\t\t\t\t\t<\/div>\n\t\t\t\t<\/div>\n\t\t\t\t<\/div>\n\t\t<div class=\"elementor-element elementor-element-3647123 e-con-full e-flex e-con e-child\" data-id=\"3647123\" data-element_type=\"container\" data-e-type=\"container\">\n\t\t\t\t<div class=\"elementor-element elementor-element-d789f63 elementor-widget elementor-widget-html\" data-id=\"d789f63\" data-element_type=\"widget\" data-e-type=\"widget\" data-widget_type=\"html.default\">\n\t\t\t\t<div class=\"elementor-widget-container\">\n\t\t\t\t\t<script type=\"text\/javascript\" src=\"https:\/\/form.jotform.com\/jsform\/250355369044154\"><\/script>\t\t\t\t<\/div>\n\t\t\t\t<\/div>\n\t\t\t\t<\/div>\n\t\t\t\t\t<\/div>\n\t\t\t\t<\/div>\n\t\t<div class=\"elementor-element elementor-element-db76247 e-con-full e-flex e-con e-parent\" data-id=\"db76247\" data-element_type=\"container\" data-e-type=\"container\">\n\t\t\t\t<div class=\"elementor-element elementor-element-11cd242 elementor-widget elementor-widget-html\" data-id=\"11cd242\" data-element_type=\"widget\" data-e-type=\"widget\" data-widget_type=\"html.default\">\n\t\t\t\t<div class=\"elementor-widget-container\">\n\t\t\t\t\t<iframe src=\"https:\/\/www.google.com\/maps\/embed?pb=!1m18!1m12!1m3!1d3566.6632963642232!2d-80.14821042457031!3d26.627237276818498!2m3!1f0!2f0!3f0!3m2!1i1024!2i768!4f13.1!3m3!1m2!1s0x88d9263304595807%3A0x781472f760f9c3c8!2sBright%20Beginnings%20Prep%20Academy!5e0!3m2!1sen!2sus!4v1730909062411!5m2!1sen!2sus\" width=\"400\" height=\"400\" style=\"border:0px;\" allowfullscreen=\"\" loading=\"lazy\" referrerpolicy=\"no-referrer-when-downgrade\"><\/iframe>\t\t\t\t<\/div>\n\t\t\t\t<\/div>\n\t\t\t\t<\/div>\n\t\t<div class=\"elementor-element elementor-element-87b3d3e e-flex e-con-boxed e-con e-parent\" data-id=\"87b3d3e\" data-element_type=\"container\" data-e-type=\"container\">\n\t\t\t\t\t<div class=\"e-con-inner\">\n\t\t\t\t\t<\/div>\n\t\t\t\t<\/div>\n\t\t\t\t<\/div>\n\t\t","protected":false},"excerpt":{"rendered":"<p>Contacta con nosotros\/Reserva una visita Ponte en contacto con la Academia de Preparaci\u00f3n Bright Beginnings Ponte en contacto con Bright Beginnings Prep Academy en Greenacres, FL, para obtener m\u00e1s informaci\u00f3n sobre nuestros programas de guarder\u00eda, preescolar y VPK. Nuestro equipo est\u00e1 aqu\u00ed para responder a tus preguntas y ayudarte a reservar una visita privada a&hellip; <a class=\"more-link\" href=\"https:\/\/brightbeginningsprep.com\/es\/contacta-con-nosotros\/\">Seguir leyendo <span class=\"screen-reader-text\">Contacta con nosotros<\/span><\/a><\/p>\n","protected":false},"author":2,"featured_media":0,"parent":0,"menu_order":0,"comment_status":"closed","ping_status":"closed","template":"elementor_header_footer","meta":{"_monsterinsights_skip_tracking":false,"_monsterinsights_sitenote_active":false,"_monsterinsights_sitenote_note":"","_monsterinsights_sitenote_category":0,"footnotes":""},"class_list":["post-2717","page","type-page","status-publish","hentry","entry"],"yoast_head":"<!-- This site is optimized with the Yoast SEO plugin v25.3.1 - https:\/\/yoast.com\/wordpress\/plugins\/seo\/ -->\n<title>Reservar una visita | Bright Beginnings Daycare Greenacres FL<\/title>\n<meta name=\"description\" content=\"Programa hoy mismo tu visita privada a la Academia Preparatoria Bright Beginnings. Llama al (561) 629-8005 o utiliza nuestro formulario online-abierto de 6:30 AM a 11:30 PM, de lunes a viernes.\" \/>\n<meta name=\"robots\" content=\"index, follow, max-snippet:-1, max-image-preview:large, max-video-preview:-1\" \/>\n<link rel=\"canonical\" href=\"https:\/\/brightbeginningsprep.com\/es\/contacta-con-nosotros\/\" \/>\n<meta property=\"og:locale\" content=\"es_ES\" \/>\n<meta property=\"og:type\" content=\"article\" \/>\n<meta property=\"og:title\" content=\"Reservar una visita | Bright Beginnings Daycare Greenacres FL\" \/>\n<meta property=\"og:description\" content=\"Programa hoy mismo tu visita privada a la Academia Preparatoria Bright Beginnings. Llama al (561) 629-8005 o utiliza nuestro formulario online-abierto de 6:30 AM a 11:30 PM, de lunes a viernes.\" \/>\n<meta property=\"og:url\" content=\"https:\/\/brightbeginningsprep.com\/es\/contacta-con-nosotros\/\" \/>\n<meta property=\"og:site_name\" content=\"Academia de Preparaci\u00f3n Bright Beginnings\" \/>\n<meta property=\"article:publisher\" content=\"https:\/\/www.facebook.com\/BrightBeginningsPrep\" \/>\n<meta property=\"article:modified_time\" content=\"2025-09-21T21:32:55+00:00\" \/>\n<meta property=\"og:image\" content=\"https:\/\/brightbeginningsprep.com\/wp-content\/uploads\/2024\/11\/2020-10-17.jpg\" \/>\n\t<meta property=\"og:image:width\" content=\"1360\" \/>\n\t<meta property=\"og:image:height\" content=\"1016\" \/>\n\t<meta property=\"og:image:type\" content=\"image\/jpeg\" \/>\n<meta name=\"twitter:card\" content=\"summary_large_image\" \/>\n<meta name=\"twitter:site\" content=\"@brightprep\" \/>\n<script type=\"application\/ld+json\" class=\"yoast-schema-graph\">{\"@context\":\"https:\/\/schema.org\",\"@graph\":[{\"@type\":\"WebPage\",\"@id\":\"https:\/\/brightbeginningsprep.com\/es\/contacta-con-nosotros\/\",\"url\":\"https:\/\/brightbeginningsprep.com\/es\/contacta-con-nosotros\/\",\"name\":\"Reservar una visita | Bright Beginnings Daycare Greenacres FL\",\"isPartOf\":{\"@id\":\"https:\/\/brightbeginningsprep.com\/es\/#website\"},\"primaryImageOfPage\":{\"@id\":\"https:\/\/brightbeginningsprep.com\/es\/contacta-con-nosotros\/#primaryimage\"},\"image\":{\"@id\":\"https:\/\/brightbeginningsprep.com\/es\/contacta-con-nosotros\/#primaryimage\"},\"thumbnailUrl\":\"https:\/\/brightbeginningsprep.com\/wp-content\/uploads\/2024\/11\/2020-10-17.jpg\",\"datePublished\":\"2024-11-03T15:25:10+00:00\",\"dateModified\":\"2025-09-21T21:32:55+00:00\",\"description\":\"Programa hoy mismo tu visita privada a la Academia Preparatoria Bright Beginnings. Llama al (561) 629-8005 o utiliza nuestro formulario online-abierto de 6:30 AM a 11:30 PM, de lunes a viernes.\",\"breadcrumb\":{\"@id\":\"https:\/\/brightbeginningsprep.com\/es\/contacta-con-nosotros\/#breadcrumb\"},\"inLanguage\":\"es\",\"potentialAction\":[{\"@type\":\"ReadAction\",\"target\":[\"https:\/\/brightbeginningsprep.com\/es\/contacta-con-nosotros\/\"]}]},{\"@type\":\"ImageObject\",\"inLanguage\":\"es\",\"@id\":\"https:\/\/brightbeginningsprep.com\/es\/contacta-con-nosotros\/#primaryimage\",\"url\":\"https:\/\/brightbeginningsprep.com\/wp-content\/uploads\/2024\/11\/2020-10-17.jpg\",\"contentUrl\":\"https:\/\/brightbeginningsprep.com\/wp-content\/uploads\/2024\/11\/2020-10-17.jpg\"},{\"@type\":\"BreadcrumbList\",\"@id\":\"https:\/\/brightbeginningsprep.com\/es\/contacta-con-nosotros\/#breadcrumb\",\"itemListElement\":[{\"@type\":\"ListItem\",\"position\":1,\"name\":\"Inicio\",\"item\":\"https:\/\/brightbeginningsprep.com\/es\/guarderia-en-greenacres-fl\/\"},{\"@type\":\"ListItem\",\"position\":2,\"name\":\"Contacta con nosotros\"}]},{\"@type\":\"WebSite\",\"@id\":\"https:\/\/brightbeginningsprep.com\/es\/#website\",\"url\":\"https:\/\/brightbeginningsprep.com\/es\/\",\"name\":\"Bright Beginnings Prep Academy\",\"description\":\"Guarder\u00eda y Preescolar en Greenacres FL\",\"publisher\":{\"@id\":\"https:\/\/brightbeginningsprep.com\/es\/#organization\"},\"potentialAction\":[{\"@type\":\"SearchAction\",\"target\":{\"@type\":\"EntryPoint\",\"urlTemplate\":\"https:\/\/brightbeginningsprep.com\/es\/?s={search_term_string}\"},\"query-input\":{\"@type\":\"PropertyValueSpecification\",\"valueRequired\":true,\"valueName\":\"search_term_string\"}}],\"inLanguage\":\"es\"},{\"@type\":\"Organization\",\"@id\":\"https:\/\/brightbeginningsprep.com\/es\/#organization\",\"name\":\"Academia de Preparaci\u00f3n Bright Beginnings\",\"url\":\"https:\/\/brightbeginningsprep.com\/es\/\",\"logo\":{\"@type\":\"ImageObject\",\"inLanguage\":\"es\",\"@id\":\"https:\/\/brightbeginningsprep.com\/es\/#\/schema\/logo\/image\/\",\"url\":\"https:\/\/brightbeginningsprep.com\/wp-content\/uploads\/2024\/11\/logo.png\",\"contentUrl\":\"https:\/\/brightbeginningsprep.com\/wp-content\/uploads\/2024\/11\/logo.png\",\"width\":237,\"height\":171,\"caption\":\"Academia de Preparaci\u00f3n Bright Beginnings\"},\"image\":{\"@id\":\"https:\/\/brightbeginningsprep.com\/es\/#\/schema\/logo\/image\/\"},\"sameAs\":[\"https:\/\/www.facebook.com\/BrightBeginningsPrep\",\"https:\/\/x.com\/brightprep\"]}]}<\/script>\n<!-- \/ Yoast SEO plugin. -->","yoast_head_json":{"title":"Reservar una visita | Bright Beginnings Daycare Greenacres FL","description":"Programa hoy mismo tu visita privada a la Academia Preparatoria Bright Beginnings. Llama al (561) 629-8005 o utiliza nuestro formulario online-abierto de 6:30 AM a 11:30 PM, de lunes a viernes.","robots":{"index":"index","follow":"follow","max-snippet":"max-snippet:-1","max-image-preview":"max-image-preview:large","max-video-preview":"max-video-preview:-1"},"canonical":"https:\/\/brightbeginningsprep.com\/es\/contacta-con-nosotros\/","og_locale":"es_ES","og_type":"article","og_title":"Reservar una visita | Bright Beginnings Daycare Greenacres FL","og_description":"Programa hoy mismo tu visita privada a la Academia Preparatoria Bright Beginnings. Llama al (561) 629-8005 o utiliza nuestro formulario online-abierto de 6:30 AM a 11:30 PM, de lunes a viernes.","og_url":"https:\/\/brightbeginningsprep.com\/es\/contacta-con-nosotros\/","og_site_name":"Academia de Preparaci\u00f3n Bright Beginnings","article_publisher":"https:\/\/www.facebook.com\/BrightBeginningsPrep","article_modified_time":"2025-09-21T21:32:55+00:00","og_image":[{"width":1360,"height":1016,"url":"https:\/\/brightbeginningsprep.com\/wp-content\/uploads\/2024\/11\/2020-10-17.jpg","type":"image\/jpeg"}],"twitter_card":"summary_large_image","twitter_site":"@brightprep","schema":{"@context":"https:\/\/schema.org","@graph":[{"@type":"WebPage","@id":"https:\/\/brightbeginningsprep.com\/es\/contacta-con-nosotros\/","url":"https:\/\/brightbeginningsprep.com\/es\/contacta-con-nosotros\/","name":"Reservar una visita | Bright Beginnings Daycare Greenacres FL","isPartOf":{"@id":"https:\/\/brightbeginningsprep.com\/es\/#website"},"primaryImageOfPage":{"@id":"https:\/\/brightbeginningsprep.com\/es\/contacta-con-nosotros\/#primaryimage"},"image":{"@id":"https:\/\/brightbeginningsprep.com\/es\/contacta-con-nosotros\/#primaryimage"},"thumbnailUrl":"https:\/\/brightbeginningsprep.com\/wp-content\/uploads\/2024\/11\/2020-10-17.jpg","datePublished":"2024-11-03T15:25:10+00:00","dateModified":"2025-09-21T21:32:55+00:00","description":"Programa hoy mismo tu visita privada a la Academia Preparatoria Bright Beginnings. Llama al (561) 629-8005 o utiliza nuestro formulario online-abierto de 6:30 AM a 11:30 PM, de lunes a viernes.","breadcrumb":{"@id":"https:\/\/brightbeginningsprep.com\/es\/contacta-con-nosotros\/#breadcrumb"},"inLanguage":"es","potentialAction":[{"@type":"ReadAction","target":["https:\/\/brightbeginningsprep.com\/es\/contacta-con-nosotros\/"]}]},{"@type":"ImageObject","inLanguage":"es","@id":"https:\/\/brightbeginningsprep.com\/es\/contacta-con-nosotros\/#primaryimage","url":"https:\/\/brightbeginningsprep.com\/wp-content\/uploads\/2024\/11\/2020-10-17.jpg","contentUrl":"https:\/\/brightbeginningsprep.com\/wp-content\/uploads\/2024\/11\/2020-10-17.jpg"},{"@type":"BreadcrumbList","@id":"https:\/\/brightbeginningsprep.com\/es\/contacta-con-nosotros\/#breadcrumb","itemListElement":[{"@type":"ListItem","position":1,"name":"Inicio","item":"https:\/\/brightbeginningsprep.com\/es\/guarderia-en-greenacres-fl\/"},{"@type":"ListItem","position":2,"name":"Contacta con nosotros"}]},{"@type":"WebSite","@id":"https:\/\/brightbeginningsprep.com\/es\/#website","url":"https:\/\/brightbeginningsprep.com\/es\/","name":"Bright Beginnings Prep Academy","description":"Guarder\u00eda y Preescolar en Greenacres FL","publisher":{"@id":"https:\/\/brightbeginningsprep.com\/es\/#organization"},"potentialAction":[{"@type":"SearchAction","target":{"@type":"EntryPoint","urlTemplate":"https:\/\/brightbeginningsprep.com\/es\/?s={search_term_string}"},"query-input":{"@type":"PropertyValueSpecification","valueRequired":true,"valueName":"search_term_string"}}],"inLanguage":"es"},{"@type":"Organization","@id":"https:\/\/brightbeginningsprep.com\/es\/#organization","name":"Academia de Preparaci\u00f3n Bright Beginnings","url":"https:\/\/brightbeginningsprep.com\/es\/","logo":{"@type":"ImageObject","inLanguage":"es","@id":"https:\/\/brightbeginningsprep.com\/es\/#\/schema\/logo\/image\/","url":"https:\/\/brightbeginningsprep.com\/wp-content\/uploads\/2024\/11\/logo.png","contentUrl":"https:\/\/brightbeginningsprep.com\/wp-content\/uploads\/2024\/11\/logo.png","width":237,"height":171,"caption":"Academia de Preparaci\u00f3n Bright Beginnings"},"image":{"@id":"https:\/\/brightbeginningsprep.com\/es\/#\/schema\/logo\/image\/"},"sameAs":["https:\/\/www.facebook.com\/BrightBeginningsPrep","https:\/\/x.com\/brightprep"]}]}},"_links":{"self":[{"href":"https:\/\/brightbeginningsprep.com\/es\/wp-json\/wp\/v2\/pages\/2717","targetHints":{"allow":["GET"]}}],"collection":[{"href":"https:\/\/brightbeginningsprep.com\/es\/wp-json\/wp\/v2\/pages"}],"about":[{"href":"https:\/\/brightbeginningsprep.com\/es\/wp-json\/wp\/v2\/types\/page"}],"author":[{"embeddable":true,"href":"https:\/\/brightbeginningsprep.com\/es\/wp-json\/wp\/v2\/users\/2"}],"replies":[{"embeddable":true,"href":"https:\/\/brightbeginningsprep.com\/es\/wp-json\/wp\/v2\/comments?post=2717"}],"version-history":[{"count":2,"href":"https:\/\/brightbeginningsprep.com\/es\/wp-json\/wp\/v2\/pages\/2717\/revisions"}],"predecessor-version":[{"id":2758,"href":"https:\/\/brightbeginningsprep.com\/es\/wp-json\/wp\/v2\/pages\/2717\/revisions\/2758"}],"wp:attachment":[{"href":"https:\/\/brightbeginningsprep.com\/es\/wp-json\/wp\/v2\/media?parent=2717"}],"curies":[{"name":"wp","href":"https:\/\/api.w.org\/{rel}","templated":true}]}}